{"id":73,"date":"2020-06-20T00:55:34","date_gmt":"2020-06-20T00:55:34","guid":{"rendered":"http:\/\/cnnee.org\/?page_id=73"},"modified":"2022-07-31T11:32:56","modified_gmt":"2022-07-31T17:32:56","slug":"vision","status":"publish","type":"page","link":"https:\/\/cnnee.org\/index.php\/vision\/","title":{"rendered":"Visi\u00f3n"},"content":{"rendered":"\n<p>Ser una organizacion Hondure\u00f1a  solidaria de profesionales de la pedagog\u00eda y psicolog\u00eda , cohesionada y eficaz que contribuye a hacer realidad la participaci\u00f3n Infantil  en situaci\u00f3n de exclusi\u00f3n en el pleno desarrollo de sus derechos sociales, el reconocimiento de su dignidad y la mejora de su calidad de vida, as\u00ed como la responsabilidad paternal y comunitaria.<\/p>\n\n\n\n<figure class=\"wp-block-image size-large is-resized is-style-rounded\"><img loading=\"lazy\" decoding=\"async\" src=\"https:\/\/cnnee.org\/wp-content\/uploads\/2021\/06\/spot-sindrome-de-down-1024x576.jpg\" alt=\"\" class=\"wp-image-281\" width=\"734\" height=\"412\" srcset=\"https:\/\/cnnee.org\/wp-content\/uploads\/2021\/06\/spot-sindrome-de-down-1024x576.jpg 1024w, https:\/\/cnnee.org\/wp-content\/uploads\/2021\/06\/spot-sindrome-de-down-300x169.jpg 300w, https:\/\/cnnee.org\/wp-content\/uploads\/2021\/06\/spot-sindrome-de-down-768x432.jpg 768w, https:\/\/cnnee.org\/wp-content\/uploads\/2021\/06\/spot-sindrome-de-down-1536x864.jpg 1536w, https:\/\/cnnee.org\/wp-content\/uploads\/2021\/06\/spot-sindrome-de-down.jpg 1920w\" sizes=\"auto, (max-width: 734px) 100vw, 734px\" \/><\/figure>\n\n\n\n<p>Nuestra Cobertura y beneficiarios . <\/p>\n\n\n\n<ol class=\"wp-block-list\" type=\"1\"><li>PE\u00d1A BLANCA<\/li><li>Santa Cruz de Yojoa, Yojoa.<\/li><li>&nbsp;San Antonio , Cortes. <\/li><li>Aldea el Eden, Sta Cruz de Yojoa. <\/li><li>&nbsp;Aldea nueva Esperanza, Sta. Cruz de Yojoa. <\/li><li>Aldea los naranjos, Sta. Cruz de Yojoa. <\/li><li>&nbsp;Aldea Los caminos, Sta. Cruz de Yojoa.<\/li><li>Aldea Ca\u00f1averal, San Francisco de Yojoa. &nbsp;&nbsp;&nbsp;&nbsp;<\/li><li>El Mochito, Las Vegas. <\/li><li>Aldea Rio Lindo, San Francisco de Yojoa. &nbsp;&nbsp;&nbsp;&nbsp;&nbsp;&nbsp;<\/li><li>comunidad de la vegas, Sta. Barbara. <\/li><li>aldea la Fe, Santa cruz de Yojoa. <\/li><li>&nbsp;Comunidad de San Francisco de Yojoa. <\/li><li>Aldea Agua Azul, Sta. Cruz de Yojoa. <\/li><li>Aldea el Jaral, Santa cruz de Yojoa.<\/li><li>Aldea Tapikilares, San Francisco de Yojoa. <\/li><li>Comunidad de Taulabe, Comayagua <\/li><li>Comunidad de Siguatepeque, Comayagua. <\/li><li>Santa Rita De Yoro<\/li><li>San Manuel; Cortes, <\/li><li>Villanueva; Cortes, <\/li><li>Oropendolas , Santa Cruz de Yojoa<\/li><li>EL zapote , Sta. Cruz de Yojoa<\/li><li>EL cielito, Sta Barbara<\/li><li>Sta.Barbara, Sta. Barbara.<\/li><li>Sta. ELena, Sta. Cruz de Yojoa<\/li><li>Aldea Buenos Aires, Sta. Cruz de Yojoa<\/li><li>Aldea La guama, Sta. Cruz de Yojoa. <\/li><li>Aldea Dos caminos, Sta. Cruz de Yojoa.<\/li><li>Aldea Las flores, Sta. Cruz de Yojoa. <\/li><li>Aldea el Tigre, Sta. cruz de Yojoa. <\/li><li>Aldea la Guita, Sta. cruz de Yojoa. <\/li><\/ol>\n\n\n\n<div class=\"wp-block-columns is-layout-flex wp-container-core-columns-is-layout-9d6595d7 wp-block-columns-is-layout-flex\">\n<div class=\"wp-block-column is-layout-flow wp-block-column-is-layout-flow\" style=\"flex-basis:100%\">\n<figure class=\"wp-block-image size-large is-style-rounded\"><img loading=\"lazy\" decoding=\"async\" width=\"1024\" height=\"576\" src=\"https:\/\/cnnee.org\/wp-content\/uploads\/2022\/07\/FOTG4889-1024x576.jpg\" alt=\"\" class=\"wp-image-567\" srcset=\"https:\/\/cnnee.org\/wp-content\/uploads\/2022\/07\/FOTG4889-1024x576.jpg 1024w, https:\/\/cnnee.org\/wp-content\/uploads\/2022\/07\/FOTG4889-300x169.jpg 300w, https:\/\/cnnee.org\/wp-content\/uploads\/2022\/07\/FOTG4889-768x432.jpg 768w, https:\/\/cnnee.org\/wp-content\/uploads\/2022\/07\/FOTG4889-1536x865.jpg 1536w, https:\/\/cnnee.org\/wp-content\/uploads\/2022\/07\/FOTG4889-2048x1153.jpg 2048w\" sizes=\"auto, (max-width: 1024px) 100vw, 1024px\" \/><\/figure>\n<\/div>\n<\/div>\n\n\n\n<div class=\"wp-block-columns alignwide is-layout-flex wp-container-core-columns-is-layout-9d6595d7 wp-block-columns-is-layout-flex\">\n<div class=\"wp-block-column is-layout-flow wp-block-column-is-layout-flow\" style=\"flex-basis:100%\">\n<div class=\"wp-block-columns is-layout-flex wp-container-core-columns-is-layout-9d6595d7 wp-block-columns-is-layout-flex\">\n<div class=\"wp-block-column is-layout-flow wp-block-column-is-layout-flow\" style=\"flex-basis:100%\">\n<div class=\"wp-block-columns is-layout-flex wp-container-core-columns-is-layout-9d6595d7 wp-block-columns-is-layout-flex\">\n<div class=\"wp-block-column is-layout-flow wp-block-column-is-layout-flow\" style=\"flex-basis:100%\"><\/div>\n<\/div>\n<\/div>\n<\/div>\n\n\n\n<div class=\"wp-block-group\"><div class=\"wp-block-group__inner-container is-layout-flow wp-block-group-is-layout-flow\">\n<figure class=\"wp-block-gallery aligncenter columns-2 is-cropped wp-block-gallery-1 is-layout-flex wp-block-gallery-is-layout-flex\"><ul class=\"blocks-gallery-grid\"><li class=\"blocks-gallery-item\"><figure><img loading=\"lazy\" decoding=\"async\" width=\"512\" height=\"512\" src=\"https:\/\/cnnee.org\/wp-content\/uploads\/2022\/06\/cropped-edificio-terminado.jpg\" alt=\"\" data-id=\"550\" data-full-url=\"https:\/\/cnnee.org\/wp-content\/uploads\/2022\/06\/cropped-edificio-terminado.jpg\" data-link=\"https:\/\/cnnee.org\/cropped-edificio-terminado-jpg\/\" class=\"wp-image-550\" srcset=\"https:\/\/cnnee.org\/wp-content\/uploads\/2022\/06\/cropped-edificio-terminado.jpg 512w, https:\/\/cnnee.org\/wp-content\/uploads\/2022\/06\/cropped-edificio-terminado-300x300.jpg 300w, https:\/\/cnnee.org\/wp-content\/uploads\/2022\/06\/cropped-edificio-terminado-150x150.jpg 150w, https:\/\/cnnee.org\/wp-content\/uploads\/2022\/06\/cropped-edificio-terminado-270x270.jpg 270w, https:\/\/cnnee.org\/wp-content\/uploads\/2022\/06\/cropped-edificio-terminado-192x192.jpg 192w, https:\/\/cnnee.org\/wp-content\/uploads\/2022\/06\/cropped-edificio-terminado-180x180.jpg 180w, https:\/\/cnnee.org\/wp-content\/uploads\/2022\/06\/cropped-edificio-terminado-32x32.jpg 32w\" sizes=\"auto, (max-width: 512px) 100vw, 512px\" \/><\/figure><\/li><li class=\"blocks-gallery-item\"><figure><img loading=\"lazy\" decoding=\"async\" width=\"576\" height=\"1024\" src=\"https:\/\/cnnee.org\/wp-content\/uploads\/2022\/06\/JAZU7325-576x1024.jpg\" alt=\"\" data-id=\"544\" data-full-url=\"https:\/\/cnnee.org\/wp-content\/uploads\/2022\/06\/JAZU7325-scaled.jpg\" data-link=\"https:\/\/cnnee.org\/index.php\/vision\/jazu7325\/\" class=\"wp-image-544\" srcset=\"https:\/\/cnnee.org\/wp-content\/uploads\/2022\/06\/JAZU7325-576x1024.jpg 576w, https:\/\/cnnee.org\/wp-content\/uploads\/2022\/06\/JAZU7325-169x300.jpg 169w, https:\/\/cnnee.org\/wp-content\/uploads\/2022\/06\/JAZU7325-768x1365.jpg 768w, https:\/\/cnnee.org\/wp-content\/uploads\/2022\/06\/JAZU7325-865x1536.jpg 865w, https:\/\/cnnee.org\/wp-content\/uploads\/2022\/06\/JAZU7325-1153x2048.jpg 1153w, https:\/\/cnnee.org\/wp-content\/uploads\/2022\/06\/JAZU7325-scaled.jpg 1441w\" sizes=\"auto, (max-width: 576px) 100vw, 576px\" \/><\/figure><\/li><\/ul><\/figure>\n\n\n\n<div class=\"wp-block-columns is-layout-flex wp-container-core-columns-is-layout-9d6595d7 wp-block-columns-is-layout-flex\">\n<div class=\"wp-block-column is-layout-flow wp-block-column-is-layout-flow\" style=\"flex-basis:100%\">\n<figure class=\"wp-block-gallery columns-3 is-cropped wp-block-gallery-2 is-layout-flex wp-block-gallery-is-layout-flex\"><ul class=\"blocks-gallery-grid\"><li class=\"blocks-gallery-item\"><figure><img loading=\"lazy\" decoding=\"async\" width=\"1024\" height=\"768\" src=\"https:\/\/cnnee.org\/wp-content\/uploads\/2022\/06\/279524775_669060247727572_5450992709171352551_nGFC2-1024x768.jpg\" alt=\"\" data-id=\"494\" data-full-url=\"https:\/\/cnnee.org\/wp-content\/uploads\/2022\/06\/279524775_669060247727572_5450992709171352551_nGFC2.jpg\" data-link=\"https:\/\/cnnee.org\/index.php\/nuestros-colaboradores-nacional-e-internacional\/279524775_669060247727572_5450992709171352551_ngfc2\/\" class=\"wp-image-494\" srcset=\"https:\/\/cnnee.org\/wp-content\/uploads\/2022\/06\/279524775_669060247727572_5450992709171352551_nGFC2-1024x768.jpg 1024w, https:\/\/cnnee.org\/wp-content\/uploads\/2022\/06\/279524775_669060247727572_5450992709171352551_nGFC2-300x225.jpg 300w, https:\/\/cnnee.org\/wp-content\/uploads\/2022\/06\/279524775_669060247727572_5450992709171352551_nGFC2-768x576.jpg 768w, https:\/\/cnnee.org\/wp-content\/uploads\/2022\/06\/279524775_669060247727572_5450992709171352551_nGFC2-1536x1152.jpg 1536w, https:\/\/cnnee.org\/wp-content\/uploads\/2022\/06\/279524775_669060247727572_5450992709171352551_nGFC2.jpg 2048w\" sizes=\"auto, (max-width: 1024px) 100vw, 1024px\" \/><\/figure><\/li><li class=\"blocks-gallery-item\"><figure><img loading=\"lazy\" decoding=\"async\" width=\"1024\" height=\"768\" src=\"https:\/\/cnnee.org\/wp-content\/uploads\/2022\/06\/279483997_1208432709967413_5348789504037565399_n-RODRIGO-1024x768.jpg\" alt=\"\" data-id=\"493\" data-full-url=\"https:\/\/cnnee.org\/wp-content\/uploads\/2022\/06\/279483997_1208432709967413_5348789504037565399_n-RODRIGO.jpg\" data-link=\"https:\/\/cnnee.org\/index.php\/nuestros-colaboradores-nacional-e-internacional\/279483997_1208432709967413_5348789504037565399_n-rodrigo\/\" class=\"wp-image-493\" srcset=\"https:\/\/cnnee.org\/wp-content\/uploads\/2022\/06\/279483997_1208432709967413_5348789504037565399_n-RODRIGO-1024x768.jpg 1024w, https:\/\/cnnee.org\/wp-content\/uploads\/2022\/06\/279483997_1208432709967413_5348789504037565399_n-RODRIGO-300x225.jpg 300w, https:\/\/cnnee.org\/wp-content\/uploads\/2022\/06\/279483997_1208432709967413_5348789504037565399_n-RODRIGO-768x576.jpg 768w, https:\/\/cnnee.org\/wp-content\/uploads\/2022\/06\/279483997_1208432709967413_5348789504037565399_n-RODRIGO-1536x1152.jpg 1536w, https:\/\/cnnee.org\/wp-content\/uploads\/2022\/06\/279483997_1208432709967413_5348789504037565399_n-RODRIGO.jpg 2048w\" sizes=\"auto, (max-width: 1024px) 100vw, 1024px\" \/><\/figure><\/li><li class=\"blocks-gallery-item\"><figure><img loading=\"lazy\" decoding=\"async\" width=\"768\" height=\"1024\" src=\"https:\/\/cnnee.org\/wp-content\/uploads\/2022\/06\/KIM-GFC-768x1024.jpg\" alt=\"\" data-id=\"497\" data-full-url=\"https:\/\/cnnee.org\/wp-content\/uploads\/2022\/06\/KIM-GFC.jpg\" data-link=\"https:\/\/cnnee.org\/index.php\/nuestros-colaboradores-nacional-e-internacional\/kim-gfc\/\" class=\"wp-image-497\" srcset=\"https:\/\/cnnee.org\/wp-content\/uploads\/2022\/06\/KIM-GFC-768x1024.jpg 768w, https:\/\/cnnee.org\/wp-content\/uploads\/2022\/06\/KIM-GFC-225x300.jpg 225w, https:\/\/cnnee.org\/wp-content\/uploads\/2022\/06\/KIM-GFC-1152x1536.jpg 1152w, https:\/\/cnnee.org\/wp-content\/uploads\/2022\/06\/KIM-GFC.jpg 1536w\" sizes=\"auto, (max-width: 768px) 100vw, 768px\" \/><\/figure><\/li><\/ul><\/figure>\n<\/div>\n<\/div>\n<\/div><\/div>\n<\/div>\n<\/div>\n\n\n\n<figure class=\"wp-block-gallery columns-2 is-cropped wp-block-gallery-3 is-layout-flex wp-block-gallery-is-layout-flex\"><ul class=\"blocks-gallery-grid\"><li class=\"blocks-gallery-item\"><figure><img loading=\"lazy\" decoding=\"async\" width=\"1024\" height=\"576\" src=\"https:\/\/cnnee.org\/wp-content\/uploads\/2022\/06\/CXDF3411-1024x576.jpg\" alt=\"\" data-id=\"543\" data-link=\"https:\/\/cnnee.org\/index.php\/vision\/cxdf3411\/\" class=\"wp-image-543\" srcset=\"https:\/\/cnnee.org\/wp-content\/uploads\/2022\/06\/CXDF3411-1024x576.jpg 1024w, https:\/\/cnnee.org\/wp-content\/uploads\/2022\/06\/CXDF3411-300x169.jpg 300w, https:\/\/cnnee.org\/wp-content\/uploads\/2022\/06\/CXDF3411-768x432.jpg 768w, https:\/\/cnnee.org\/wp-content\/uploads\/2022\/06\/CXDF3411-1536x865.jpg 1536w, https:\/\/cnnee.org\/wp-content\/uploads\/2022\/06\/CXDF3411-2048x1153.jpg 2048w\" sizes=\"auto, (max-width: 1024px) 100vw, 1024px\" \/><\/figure><\/li><li class=\"blocks-gallery-item\"><figure><img loading=\"lazy\" decoding=\"async\" width=\"576\" height=\"1024\" src=\"https:\/\/cnnee.org\/wp-content\/uploads\/2022\/06\/JAZU7325-576x1024.jpg\" alt=\"\" data-id=\"544\" data-full-url=\"https:\/\/cnnee.org\/wp-content\/uploads\/2022\/06\/JAZU7325-scaled.jpg\" data-link=\"https:\/\/cnnee.org\/index.php\/vision\/jazu7325\/\" class=\"wp-image-544\" srcset=\"https:\/\/cnnee.org\/wp-content\/uploads\/2022\/06\/JAZU7325-576x1024.jpg 576w, https:\/\/cnnee.org\/wp-content\/uploads\/2022\/06\/JAZU7325-169x300.jpg 169w, https:\/\/cnnee.org\/wp-content\/uploads\/2022\/06\/JAZU7325-768x1365.jpg 768w, https:\/\/cnnee.org\/wp-content\/uploads\/2022\/06\/JAZU7325-865x1536.jpg 865w, https:\/\/cnnee.org\/wp-content\/uploads\/2022\/06\/JAZU7325-1153x2048.jpg 1153w, https:\/\/cnnee.org\/wp-content\/uploads\/2022\/06\/JAZU7325-scaled.jpg 1441w\" sizes=\"auto, (max-width: 576px) 100vw, 576px\" \/><\/figure><\/li><\/ul><\/figure>\n\n\n\n<p><\/p>\n\n\n","protected":false},"excerpt":{"rendered":"<p>Ser una organizacion Hondure\u00f1a solidaria de profesionales de la pedagog\u00eda y psicolog\u00eda , cohesionada y eficaz que contribuye a hacer realidad la participaci\u00f3n Infantil en&hellip;<\/p>\n","protected":false},"author":1,"featured_media":0,"parent":0,"menu_order":0,"comment_status":"closed","ping_status":"closed","template":"","meta":{"footnotes":""},"class_list":["post-73","page","type-page","status-publish","hentry"],"_links":{"self":[{"href":"https:\/\/cnnee.org\/index.php\/wp-json\/wp\/v2\/pages\/73","targetHints":{"allow":["GET"]}}],"collection":[{"href":"https:\/\/cnnee.org\/index.php\/wp-json\/wp\/v2\/pages"}],"about":[{"href":"https:\/\/cnnee.org\/index.php\/wp-json\/wp\/v2\/types\/page"}],"author":[{"embeddable":true,"href":"https:\/\/cnnee.org\/index.php\/wp-json\/wp\/v2\/users\/1"}],"replies":[{"embeddable":true,"href":"https:\/\/cnnee.org\/index.php\/wp-json\/wp\/v2\/comments?post=73"}],"version-history":[{"count":6,"href":"https:\/\/cnnee.org\/index.php\/wp-json\/wp\/v2\/pages\/73\/revisions"}],"predecessor-version":[{"id":572,"href":"https:\/\/cnnee.org\/index.php\/wp-json\/wp\/v2\/pages\/73\/revisions\/572"}],"wp:attachment":[{"href":"https:\/\/cnnee.org\/index.php\/wp-json\/wp\/v2\/media?parent=73"}],"curies":[{"name":"wp","href":"https:\/\/api.w.org\/{rel}","templated":true}]}}