{"id":339,"date":"2021-07-07T12:57:21","date_gmt":"2021-07-07T18:57:21","guid":{"rendered":"https:\/\/cnnee.org\/?page_id=339"},"modified":"2024-07-19T16:05:51","modified_gmt":"2024-07-19T22:05:51","slug":"339-2","status":"publish","type":"page","link":"https:\/\/cnnee.org\/index.php\/339-2\/","title":{"rendered":"Nuestros Programas de intervenci\u00f3n"},"content":{"rendered":"\n<figure class=\"wp-block-image size-large is-resized is-style-rounded\"><img loading=\"lazy\" decoding=\"async\" width=\"768\" height=\"1024\" src=\"https:\/\/cnnee.org\/wp-content\/uploads\/2023\/05\/IMG_20230413_101435_1-768x1024.jpg\" alt=\"\" class=\"wp-image-737\" style=\"width:356px;height:auto\" srcset=\"https:\/\/cnnee.org\/wp-content\/uploads\/2023\/05\/IMG_20230413_101435_1-768x1024.jpg 768w, https:\/\/cnnee.org\/wp-content\/uploads\/2023\/05\/IMG_20230413_101435_1-225x300.jpg 225w, https:\/\/cnnee.org\/wp-content\/uploads\/2023\/05\/IMG_20230413_101435_1-1152x1536.jpg 1152w, https:\/\/cnnee.org\/wp-content\/uploads\/2023\/05\/IMG_20230413_101435_1-1536x2048.jpg 1536w, https:\/\/cnnee.org\/wp-content\/uploads\/2023\/05\/IMG_20230413_101435_1-scaled.jpg 1920w\" sizes=\"auto, (max-width: 768px) 100vw, 768px\" \/><figcaption class=\"wp-element-caption\">Equinoterapia Pegasso 2023 , gracias a muchos esfuerzos de las Madres , Organizaci\u00f3n Local como ser Hermandad de Honduras, GFC, fondo Global para la ni\u00f1ez, Proyecto de Capacitaci\u00f3n CEPUDO, Pimienta Cortes, El Sr. Modesto Sabillon,  al Se\u00f1or Gaspar Pineda , en las instalaciones de Hotel Las Glorias, y por ultimo a la Empresa CARGIL <\/figcaption><\/figure>\n\n\n\n<figure class=\"wp-block-image size-large is-resized is-style-rounded\"><img loading=\"lazy\" decoding=\"async\" width=\"1024\" height=\"768\" src=\"https:\/\/cnnee.org\/wp-content\/uploads\/2021\/07\/BTUJ1780-1024x768.jpg\" alt=\"\" class=\"wp-image-341\" style=\"width:467px;height:auto\" srcset=\"https:\/\/cnnee.org\/wp-content\/uploads\/2021\/07\/BTUJ1780-1024x768.jpg 1024w, https:\/\/cnnee.org\/wp-content\/uploads\/2021\/07\/BTUJ1780-300x225.jpg 300w, https:\/\/cnnee.org\/wp-content\/uploads\/2021\/07\/BTUJ1780-768x576.jpg 768w, https:\/\/cnnee.org\/wp-content\/uploads\/2021\/07\/BTUJ1780.jpg 1280w\" sizes=\"auto, (max-width: 1024px) 100vw, 1024px\" \/><figcaption class=\"wp-element-caption\">Gracias por la donaci\u00f3n de recursos a nuestros ni\u00f1os. <\/figcaption><\/figure>\n","protected":false},"excerpt":{"rendered":"","protected":false},"author":1,"featured_media":0,"parent":0,"menu_order":0,"comment_status":"closed","ping_status":"closed","template":"","meta":{"footnotes":""},"class_list":["post-339","page","type-page","status-publish","hentry"],"_links":{"self":[{"href":"https:\/\/cnnee.org\/index.php\/wp-json\/wp\/v2\/pages\/339","targetHints":{"allow":["GET"]}}],"collection":[{"href":"https:\/\/cnnee.org\/index.php\/wp-json\/wp\/v2\/pages"}],"about":[{"href":"https:\/\/cnnee.org\/index.php\/wp-json\/wp\/v2\/types\/page"}],"author":[{"embeddable":true,"href":"https:\/\/cnnee.org\/index.php\/wp-json\/wp\/v2\/users\/1"}],"replies":[{"embeddable":true,"href":"https:\/\/cnnee.org\/index.php\/wp-json\/wp\/v2\/comments?post=339"}],"version-history":[{"count":7,"href":"https:\/\/cnnee.org\/index.php\/wp-json\/wp\/v2\/pages\/339\/revisions"}],"predecessor-version":[{"id":749,"href":"https:\/\/cnnee.org\/index.php\/wp-json\/wp\/v2\/pages\/339\/revisions\/749"}],"wp:attachment":[{"href":"https:\/\/cnnee.org\/index.php\/wp-json\/wp\/v2\/media?parent=339"}],"curies":[{"name":"wp","href":"https:\/\/api.w.org\/{rel}","templated":true}]}}