{"id":188,"date":"2020-06-30T22:49:12","date_gmt":"2020-06-30T22:49:12","guid":{"rendered":"http:\/\/cnnee.org\/?page_id=188"},"modified":"2021-06-24T22:16:25","modified_gmt":"2021-06-25T04:16:25","slug":"quieres-ayudar","status":"publish","type":"page","link":"https:\/\/cnnee.org\/index.php\/quieres-ayudar\/","title":{"rendered":"Quieres ayudar?"},"content":{"rendered":"\n<p>Si deseas ayudar a nuestra organizaci\u00f3n puedes hacerlo apadrinando a uno de nuestros ni\u00f1os. Esto puedes hacerlo depositando mensualmente en la cuenta bancaria de la organizaci\u00f3n desde 4$. Si no deseas depositar mensualmente y apadrinar pero igual quieres aportar tu granito de arena puedes depositar a la misma cuenta lo que desees aportar.<\/p>\n\n\n\n<p>Cuenta en Banco de Occidente: 21603030366-3<\/p>\n\n\n\n<p>Si tienes dudas o preguntas puedes <a rel=\"noreferrer noopener\" href=\"http:\/\/cnnee.org\/index.php\/contact\/\" target=\"_blank\">contactarnos<\/a><\/p>\n\n\n\n<p><\/p>\n\n\n\n<figure class=\"wp-block-gallery columns-1 is-cropped wp-block-gallery-1 is-layout-flex wp-block-gallery-is-layout-flex\"><ul class=\"blocks-gallery-grid\"><li class=\"blocks-gallery-item\"><figure><img loading=\"lazy\" decoding=\"async\" width=\"576\" height=\"1024\" src=\"https:\/\/cnnee.org\/wp-content\/uploads\/2021\/06\/20191126_151349-576x1024.jpg\" alt=\"\" data-id=\"276\" data-full-url=\"https:\/\/cnnee.org\/wp-content\/uploads\/2021\/06\/20191126_151349-scaled.jpg\" data-link=\"https:\/\/cnnee.org\/index.php\/quieres-ayudar\/20191126_151349\/\" class=\"wp-image-276\" srcset=\"https:\/\/cnnee.org\/wp-content\/uploads\/2021\/06\/20191126_151349-576x1024.jpg 576w, https:\/\/cnnee.org\/wp-content\/uploads\/2021\/06\/20191126_151349-169x300.jpg 169w, https:\/\/cnnee.org\/wp-content\/uploads\/2021\/06\/20191126_151349-768x1365.jpg 768w, https:\/\/cnnee.org\/wp-content\/uploads\/2021\/06\/20191126_151349-864x1536.jpg 864w, https:\/\/cnnee.org\/wp-content\/uploads\/2021\/06\/20191126_151349-1152x2048.jpg 1152w, https:\/\/cnnee.org\/wp-content\/uploads\/2021\/06\/20191126_151349-scaled.jpg 1440w\" sizes=\"auto, (max-width: 576px) 100vw, 576px\" \/><\/figure><\/li><\/ul><\/figure>\n","protected":false},"excerpt":{"rendered":"<p>Si deseas ayudar a nuestra organizaci\u00f3n puedes hacerlo apadrinando a uno de nuestros ni\u00f1os. Esto puedes hacerlo depositando mensualmente en la cuenta bancaria de la&hellip;<\/p>\n","protected":false},"author":1,"featured_media":0,"parent":0,"menu_order":0,"comment_status":"closed","ping_status":"closed","template":"","meta":{"footnotes":""},"class_list":["post-188","page","type-page","status-publish","hentry"],"_links":{"self":[{"href":"https:\/\/cnnee.org\/index.php\/wp-json\/wp\/v2\/pages\/188","targetHints":{"allow":["GET"]}}],"collection":[{"href":"https:\/\/cnnee.org\/index.php\/wp-json\/wp\/v2\/pages"}],"about":[{"href":"https:\/\/cnnee.org\/index.php\/wp-json\/wp\/v2\/types\/page"}],"author":[{"embeddable":true,"href":"https:\/\/cnnee.org\/index.php\/wp-json\/wp\/v2\/users\/1"}],"replies":[{"embeddable":true,"href":"https:\/\/cnnee.org\/index.php\/wp-json\/wp\/v2\/comments?post=188"}],"version-history":[{"count":5,"href":"https:\/\/cnnee.org\/index.php\/wp-json\/wp\/v2\/pages\/188\/revisions"}],"predecessor-version":[{"id":277,"href":"https:\/\/cnnee.org\/index.php\/wp-json\/wp\/v2\/pages\/188\/revisions\/277"}],"wp:attachment":[{"href":"https:\/\/cnnee.org\/index.php\/wp-json\/wp\/v2\/media?parent=188"}],"curies":[{"name":"wp","href":"https:\/\/api.w.org\/{rel}","templated":true}]}}